{"id":28384,"date":"2025-09-08T17:31:11","date_gmt":"2025-09-08T15:31:11","guid":{"rendered":"https:\/\/parfumerieparticuliere.com\/?page_id=28384"},"modified":"2025-09-24T18:52:17","modified_gmt":"2025-09-24T16:52:17","slug":"legal-notice","status":"publish","type":"page","link":"https:\/\/parfumerieparticuliere.com\/?page_id=28384&lang=en","title":{"rendered":"Legal notice"},"content":{"rendered":"\t\t<div data-elementor-type=\"wp-page\" data-elementor-id=\"28384\" class=\"elementor elementor-28384\" data-elementor-post-type=\"page\">\n\t\t\t\t<div class=\"elementor-element elementor-element-264b76ee e-flex e-con-boxed e-con e-parent\" data-id=\"264b76ee\" data-element_type=\"container\">\n\t\t\t\t\t<div class=\"e-con-inner\">\n\t\t\t\t<div class=\"elementor-element elementor-element-25b06e11 elementor-widget elementor-widget-text-editor\" data-id=\"25b06e11\" data-element_type=\"widget\" data-widget_type=\"text-editor.default\">\n\t\t\t\t\t\t\t\t\t\n<p>The website parfumerieparticuliere.com (the \u201cSite\u201d) is the property of the company ATELIER PARTICULIER \u00a0(the \u201cCompany\u201d).<\/p>\n<h2 class=\"wp-block-heading\">WEBSITE PUBLISHER:<\/h2>\n<p>Company Name: ATELIER PARTICULIER \u00a0<\/p>\n<p>Head office address: 58 rue de Monceau, 75008 Paris<\/p>\n<p><em>\u00a0<\/em>(SAS) with capital of \u20ac 20 000.00<\/p>\n<p>Registered on the Commercial Register (RCS) of Paris, under registration number 944 532 027<\/p>\n<p>Intra-community VAT number: FR83944532027<\/p>\n<p>Publication Director: Coelio JAMET<\/p>\n<h2><strong>SITE HOST:<\/strong><\/h2>\n<p>Company Name: OVH<\/p>\n<p>Adresse\u00a0: Si\u00e8ge social : 2 rue Kellermann &#8211; 59100 Roubaix \u2013 France<\/p>\n<p>SAS withACCESS AND USE OF THE SITE&gt;SIRET: 424 761 419 00045<\/p>\n<h2><strong>WEBSITE DESIGN:<\/strong><\/h2>\n<p><a href=\"https:\/\/www.ecom-design.fr\/\">\u00e9COM Design<\/a><\/p>\n<h2><strong>ACCESS AND USE OF THE SITE:<\/strong><\/h2>\n<p>The Company strives to keep the Site accessible, but is not bound by any obligation to do so. Access to the site may be interrupted in order to carry out maintenance or updates or for any other reason, specifically including reasons of a technical nature. The Company does not accept any responsibility for these interruptions, and\/or the consequences which may result for the Internet user, under any circumstances.<\/p>\n<p>In connection with the use of the Site, we invite you to consult the General Conditions of Sale, which you can access<a href=\"https:\/\/maisoncrivelli.com\/conditions-generales-de-vente\/\"><em><strong>.<\/strong><\/em><\/a><\/p>\n<h2><strong>PERSONAL DATA:<\/strong><\/h2>\n<p>For more information on our policy regarding the processing of our customers\u2019 data, you can refer to our data protection policy.<\/p>\n<h2><strong>COOKIES:<\/strong><\/h2>\n<p>Cookies may be used to facilitate navigation on the Site. For more information on the use of cookies on the Site, please refer to our cookie policy, which is available.<\/p>\n<h2><strong>INTELLECTUAL PROPERTY RIGHTS:<\/strong><\/h2>\n<p>The content of the Site includes, but is not limited to, data, information, photos, illustrations, logos and brands that appear or are available on the Site. The content is protected under copyright and other intellectual property rights and is the exclusive property of its respective authors. The content is subject to change at any time.<\/p>\n<h2><strong>HYPERLINKS:<\/strong><\/h2>\n<p>The Site may contain hyperlinks to partner sites of the Company or third parties. The Company exercises no control over these sites, and therefore assumes no responsibility for the availability of these sites, their content, advertising, products and\/or services available on or from these sites.<\/p>\t\t\t\t\t\t\t\t<\/div>\n\t\t\t\t\t<\/div>\n\t\t\t\t<\/div>\n\t\t\t\t<\/div>\n\t\t","protected":false},"excerpt":{"rendered":"<p>The website parfumerieparticuliere.com (the \u201cSite\u201d) is the property of the company ATELIER PARTICULIER \u00a0(the \u201cCompany\u201d). WEBSITE PUBLISHER: Company Name: ATELIER PARTICULIER \u00a0 Head office address: 58 rue de Monceau, 75008 Paris \u00a0(SAS) with capital of \u20ac 20 000.00 Registered on the Commercial Register (RCS) of Paris, under registration number 944 532 027 Intra-community VAT number: [&hellip;]<\/p>\n","protected":false},"author":1,"featured_media":0,"parent":0,"menu_order":0,"comment_status":"closed","ping_status":"closed","template":"","meta":{"_acf_changed":false,"inline_featured_image":false,"footnotes":""},"class_list":["post-28384","page","type-page","status-publish","hentry"],"acf":[],"yoast_head":"<!-- This site is optimized with the Yoast SEO plugin v25.9 - https:\/\/yoast.com\/wordpress\/plugins\/seo\/ -->\n<title>Legal notice - Parfumerie Particuliere<\/title>\n<meta name=\"robots\" content=\"index, follow, max-snippet:-1, max-image-preview:large, max-video-preview:-1\" \/>\n<link rel=\"canonical\" href=\"https:\/\/parfumerieparticuliere.com\/?page_id=28384&lang=en\" \/>\n<meta property=\"og:locale\" content=\"fr_FR\" \/>\n<meta property=\"og:type\" content=\"article\" \/>\n<meta property=\"og:title\" content=\"Legal notice - Parfumerie Particuliere\" \/>\n<meta property=\"og:description\" content=\"The website parfumerieparticuliere.com (the \u201cSite\u201d) is the property of the company ATELIER PARTICULIER \u00a0(the \u201cCompany\u201d). WEBSITE PUBLISHER: Company Name: ATELIER PARTICULIER \u00a0 Head office address: 58 rue de Monceau, 75008 Paris \u00a0(SAS) with capital of \u20ac 20 000.00 Registered on the Commercial Register (RCS) of Paris, under registration number 944 532 027 Intra-community VAT number: [&hellip;]\" \/>\n<meta property=\"og:url\" content=\"https:\/\/parfumerieparticuliere.com\/?page_id=28384&amp;lang=en\" \/>\n<meta property=\"og:site_name\" content=\"Parfumerie Particuliere\" \/>\n<meta property=\"article:modified_time\" content=\"2025-09-24T16:52:17+00:00\" \/>\n<meta name=\"twitter:card\" content=\"summary_large_image\" \/>\n<meta name=\"twitter:label1\" content=\"Est. reading time\" \/>\n\t<meta name=\"twitter:data1\" content=\"2 minutes\" \/>\n<script type=\"application\/ld+json\" class=\"yoast-schema-graph\">{\"@context\":\"https:\/\/schema.org\",\"@graph\":[{\"@type\":\"WebPage\",\"@id\":\"https:\/\/parfumerieparticuliere.com\/?page_id=28384&lang=en\",\"url\":\"https:\/\/parfumerieparticuliere.com\/?page_id=28384&lang=en\",\"name\":\"Legal notice - Parfumerie Particuliere\",\"isPartOf\":{\"@id\":\"https:\/\/parfumerieparticuliere.com\/#website\"},\"datePublished\":\"2025-09-08T15:31:11+00:00\",\"dateModified\":\"2025-09-24T16:52:17+00:00\",\"breadcrumb\":{\"@id\":\"https:\/\/parfumerieparticuliere.com\/?page_id=28384&lang=en#breadcrumb\"},\"inLanguage\":\"fr-FR\",\"potentialAction\":[{\"@type\":\"ReadAction\",\"target\":[\"https:\/\/parfumerieparticuliere.com\/?page_id=28384&lang=en\"]}]},{\"@type\":\"BreadcrumbList\",\"@id\":\"https:\/\/parfumerieparticuliere.com\/?page_id=28384&lang=en#breadcrumb\",\"itemListElement\":[{\"@type\":\"ListItem\",\"position\":1,\"name\":\"Home\",\"item\":\"https:\/\/parfumerieparticuliere.com\/?page_id=28298&lang=en\"},{\"@type\":\"ListItem\",\"position\":2,\"name\":\"Legal notice\"}]},{\"@type\":\"WebSite\",\"@id\":\"https:\/\/parfumerieparticuliere.com\/#website\",\"url\":\"https:\/\/parfumerieparticuliere.com\/\",\"name\":\"Parfumerie Particuliere\",\"description\":\"Des parfums urbains et contemporains, n\u00e9s de la complexit\u00e9 de nos vies et de nos exp\u00e9riences.\",\"publisher\":{\"@id\":\"https:\/\/parfumerieparticuliere.com\/#organization\"},\"potentialAction\":[{\"@type\":\"SearchAction\",\"target\":{\"@type\":\"EntryPoint\",\"urlTemplate\":\"https:\/\/parfumerieparticuliere.com\/?s={search_term_string}\"},\"query-input\":{\"@type\":\"PropertyValueSpecification\",\"valueRequired\":true,\"valueName\":\"search_term_string\"}}],\"inLanguage\":\"fr-FR\"},{\"@type\":\"Organization\",\"@id\":\"https:\/\/parfumerieparticuliere.com\/#organization\",\"name\":\"Parfumerie Particuliere\",\"url\":\"https:\/\/parfumerieparticuliere.com\/\",\"logo\":{\"@type\":\"ImageObject\",\"inLanguage\":\"fr-FR\",\"@id\":\"https:\/\/parfumerieparticuliere.com\/#\/schema\/logo\/image\/\",\"url\":\"https:\/\/parfumerieparticuliere.com\/wp-content\/uploads\/2025\/08\/logo-monogramme-PP-noir.svg\",\"contentUrl\":\"https:\/\/parfumerieparticuliere.com\/wp-content\/uploads\/2025\/08\/logo-monogramme-PP-noir.svg\",\"width\":182,\"height\":186,\"caption\":\"Parfumerie Particuliere\"},\"image\":{\"@id\":\"https:\/\/parfumerieparticuliere.com\/#\/schema\/logo\/image\/\"}}]}<\/script>\n<!-- \/ Yoast SEO plugin. -->","yoast_head_json":{"title":"Legal notice - Parfumerie Particuliere","robots":{"index":"index","follow":"follow","max-snippet":"max-snippet:-1","max-image-preview":"max-image-preview:large","max-video-preview":"max-video-preview:-1"},"canonical":"https:\/\/parfumerieparticuliere.com\/?page_id=28384&lang=en","og_locale":"fr_FR","og_type":"article","og_title":"Legal notice - Parfumerie Particuliere","og_description":"The website parfumerieparticuliere.com (the \u201cSite\u201d) is the property of the company ATELIER PARTICULIER \u00a0(the \u201cCompany\u201d). WEBSITE PUBLISHER: Company Name: ATELIER PARTICULIER \u00a0 Head office address: 58 rue de Monceau, 75008 Paris \u00a0(SAS) with capital of \u20ac 20 000.00 Registered on the Commercial Register (RCS) of Paris, under registration number 944 532 027 Intra-community VAT number: [&hellip;]","og_url":"https:\/\/parfumerieparticuliere.com\/?page_id=28384&lang=en","og_site_name":"Parfumerie Particuliere","article_modified_time":"2025-09-24T16:52:17+00:00","twitter_card":"summary_large_image","twitter_misc":{"Est. reading time":"2 minutes"},"schema":{"@context":"https:\/\/schema.org","@graph":[{"@type":"WebPage","@id":"https:\/\/parfumerieparticuliere.com\/?page_id=28384&lang=en","url":"https:\/\/parfumerieparticuliere.com\/?page_id=28384&lang=en","name":"Legal notice - Parfumerie Particuliere","isPartOf":{"@id":"https:\/\/parfumerieparticuliere.com\/#website"},"datePublished":"2025-09-08T15:31:11+00:00","dateModified":"2025-09-24T16:52:17+00:00","breadcrumb":{"@id":"https:\/\/parfumerieparticuliere.com\/?page_id=28384&lang=en#breadcrumb"},"inLanguage":"fr-FR","potentialAction":[{"@type":"ReadAction","target":["https:\/\/parfumerieparticuliere.com\/?page_id=28384&lang=en"]}]},{"@type":"BreadcrumbList","@id":"https:\/\/parfumerieparticuliere.com\/?page_id=28384&lang=en#breadcrumb","itemListElement":[{"@type":"ListItem","position":1,"name":"Home","item":"https:\/\/parfumerieparticuliere.com\/?page_id=28298&lang=en"},{"@type":"ListItem","position":2,"name":"Legal notice"}]},{"@type":"WebSite","@id":"https:\/\/parfumerieparticuliere.com\/#website","url":"https:\/\/parfumerieparticuliere.com\/","name":"Parfumerie Particuliere","description":"Des parfums urbains et contemporains, n\u00e9s de la complexit\u00e9 de nos vies et de nos exp\u00e9riences.","publisher":{"@id":"https:\/\/parfumerieparticuliere.com\/#organization"},"potentialAction":[{"@type":"SearchAction","target":{"@type":"EntryPoint","urlTemplate":"https:\/\/parfumerieparticuliere.com\/?s={search_term_string}"},"query-input":{"@type":"PropertyValueSpecification","valueRequired":true,"valueName":"search_term_string"}}],"inLanguage":"fr-FR"},{"@type":"Organization","@id":"https:\/\/parfumerieparticuliere.com\/#organization","name":"Parfumerie Particuliere","url":"https:\/\/parfumerieparticuliere.com\/","logo":{"@type":"ImageObject","inLanguage":"fr-FR","@id":"https:\/\/parfumerieparticuliere.com\/#\/schema\/logo\/image\/","url":"https:\/\/parfumerieparticuliere.com\/wp-content\/uploads\/2025\/08\/logo-monogramme-PP-noir.svg","contentUrl":"https:\/\/parfumerieparticuliere.com\/wp-content\/uploads\/2025\/08\/logo-monogramme-PP-noir.svg","width":182,"height":186,"caption":"Parfumerie Particuliere"},"image":{"@id":"https:\/\/parfumerieparticuliere.com\/#\/schema\/logo\/image\/"}}]}},"lang":"en","translations":{"en":28384},"pll_sync_post":[],"_links":{"self":[{"href":"https:\/\/parfumerieparticuliere.com\/index.php?rest_route=\/wp\/v2\/pages\/28384","targetHints":{"allow":["GET"]}}],"collection":[{"href":"https:\/\/parfumerieparticuliere.com\/index.php?rest_route=\/wp\/v2\/pages"}],"about":[{"href":"https:\/\/parfumerieparticuliere.com\/index.php?rest_route=\/wp\/v2\/types\/page"}],"author":[{"embeddable":true,"href":"https:\/\/parfumerieparticuliere.com\/index.php?rest_route=\/wp\/v2\/users\/1"}],"replies":[{"embeddable":true,"href":"https:\/\/parfumerieparticuliere.com\/index.php?rest_route=%2Fwp%2Fv2%2Fcomments&post=28384"}],"version-history":[{"count":11,"href":"https:\/\/parfumerieparticuliere.com\/index.php?rest_route=\/wp\/v2\/pages\/28384\/revisions"}],"predecessor-version":[{"id":28577,"href":"https:\/\/parfumerieparticuliere.com\/index.php?rest_route=\/wp\/v2\/pages\/28384\/revisions\/28577"}],"wp:attachment":[{"href":"https:\/\/parfumerieparticuliere.com\/index.php?rest_route=%2Fwp%2Fv2%2Fmedia&parent=28384"}],"curies":[{"name":"wp","href":"https:\/\/api.w.org\/{rel}","templated":true}]}}