{"id":28392,"date":"2025-09-08T17:33:28","date_gmt":"2025-09-08T15:33:28","guid":{"rendered":"https:\/\/parfumerieparticuliere.com\/?page_id=28392"},"modified":"2025-09-09T18:14:51","modified_gmt":"2025-09-09T16:14:51","slug":"privacy-policy","status":"publish","type":"page","link":"https:\/\/parfumerieparticuliere.com\/?page_id=28392&lang=en","title":{"rendered":"Privacy policy"},"content":{"rendered":"\t\t<div data-elementor-type=\"wp-page\" data-elementor-id=\"28392\" class=\"elementor elementor-28392\" data-elementor-post-type=\"page\">\n\t\t\t\t<div class=\"elementor-element elementor-element-60a791fb e-flex e-con-boxed e-con e-parent\" data-id=\"60a791fb\" data-element_type=\"container\">\n\t\t\t\t\t<div class=\"e-con-inner\">\n\t\t\t\t<div class=\"elementor-element elementor-element-eb9f285 elementor-widget elementor-widget-text-editor\" data-id=\"eb9f285\" data-element_type=\"widget\" data-widget_type=\"text-editor.default\">\n\t\t\t\t\t\t\t\t\t\n<h2 class=\"wp-block-heading\">INTRODUCTION<\/h2>\n<p>Atelier Particulier, a simplified joint stock company with a share capital of \u20ac20,000, whose registered office is located at 58 rue de Monceau \u2013 75008 Paris, registered with the Paris Trade and Companies Register under number 944 532 027, identified for VAT purposes under number FR83944532027, (hereinafter \u2018PARFUMERIE PARTICULIERE\u2019), manufacturer and seller of PARFUMERIE PARTICULIERE products,<\/p>\n<p class=\"wp-block-heading\">The details given below set out the privacy policy that governs the processing of personal data that may be collected on the Site (this policy is hereinafter referred to as the <strong>Privacy Policy<\/strong>).<\/p>\n<h2 class=\"wp-block-heading\">PURPOSE<\/h2>\n<p>With a view to establishing a transparent, trust-based relationship with all visitors to and\/or users of our Site, we wish to take this opportunity to set out our commitment to protecting your privacy and personal data in accordance with EU Regulation 2016\/679 (the General Data Protection Regulation, hereinafter referred to as the \u201c<strong>GDPR<\/strong>\u201c).<\/p>\n<h2 class=\"wp-block-heading\">SCOPE<\/h2>\n<p>The present Privacy Policy is intended to apply with respect to the full range of processing activities involving personal data belong to data subjects.<br \/>The processing of personal data may be managed directly by PARFUMERIE PARTICULIERE, or by a sub-contractor specifically designated by PARFUMERIE PARTICULIERE.<br \/>The present Privacy Policy is independent of any other document that may apply within the context of the contractual relationship between PARFUMERIE PARTICULIERE and the data subjects.<br \/>The Site may contain links to other websites over which we have no control. We cannot be held responsible for the content or privacy policies of these sites.<\/p>\n<h2 class=\"wp-block-heading\">DEFINITION<\/h2>\n<p>For the avoidance of doubt, it is hereby clarified that, for the purposes of the present Privacy Policy:<\/p>\n<ul>\n<li>the term \u201c<strong>personal data<\/strong>\u201d refers to any information or dataset that allows an individual to be identified either<\/li>\n<li>directly (e.g. by their surname, first name, e-mail address, personal address, etc.)<\/li>\n<li>or indirectly (e.g. by means of pseudonymised data such as a unique identification number, etc.).<\/li>\n<\/ul>\n<p>Unique identifiers, such as a computer\u2019s IP address, may also be considered to be personal data.<\/p>\n<ul>\n<li>the term \u201c<strong>data controller<\/strong>\u201d refers to the entity that determines the purposes and means of the processing of personal data, and that is responsible to data subjects for ensuring that data processing complies with all applicable legislation and regulations. The data controller is hereinafter referred to as \u201cPARFUMERIE PARTICULIERE\u201d or \u201cwe\u201d.<\/li>\n<\/ul>\n<p>PARFUMERIE PARTICULIERE has appointed a <strong>Data Protection Officer<\/strong> as the primary point of contact on all matters relating to the processing of personal data.<\/p>\n<p>You can contact them by e-mail at contact@parfumerieparticuliere.com.<\/p>\n<p>If data subjects wish to obtain specific information or to raise a specific question, they will be able to contact the Data Protection Officer, who will respond to their query within a reasonable period of time.<\/p>\n<ul>\n<li>The term \u201c<strong>data processor<\/strong>\u201d refers to any natural person or legal entity processing personal data on behalf of PARFUMERIE PARTICULIERE.<\/li>\n<\/ul>\n<ul>\n<li>The term \u201cd<strong>ata subjects<\/strong>\u201d, also referred to as <strong>\u201cyou<\/strong>\u201d, designates visitors to and\/or users of the Site.<\/li>\n<\/ul>\n<ul>\n<li>The term \u201cr<strong>ecipients<\/strong>\u201d refers to the natural or legal entities that receive personal data from PARFUMERIE PARTICULIERE. It follows, therefore, that the recipients of this personal data may be employees of PARFUMERIE PARTICULIERE and\/or external organisations (partners, exhibitors, banking establishments, stakeholders, etc.).<\/li>\n<\/ul>\n<h2 class=\"wp-block-heading\">PROCESSING OF PERSONAL DATA<\/h2>\n<p>The table below sets out the different types of personal data collected on the Site, the purposes for which that data is processed, the recipients of that data, applicable retention periods, and the legal basis for data processing.<\/p>\n<h2 class=\"wp-block-heading\">RETENTION OF PERSONAL DATA<\/h2>\n<p>Upon the expiry of the retention periods set out in the table above, the personal data concerned will be either deleted or retained in anonymised form (specifically for statistical purposes). Data may be retained in the event of preliminary or full litigation proceedings. <br \/>Data subjects are reminded that the deletion and anonymisation of data are irreversible processes, and that PARFUMERIE PARTICULIERE is therefore unable to restore deleted or anonymised data.<br \/>Furthermore, personal data may be transmitted to any authority that is legally entitled to access it. Where data is transferred to such authorities, PARFUMERIE PARTICULIERE is not responsible for the circumstances in which the staff of the authorities concerned access or make use of the personal data.<\/p>\n<h2 class=\"wp-block-heading\">RIGHTS OF DATA SUBJECTS<\/h2>\n<p>As a data subject, you have rights that govern and protect all of your personal data when it is processed and collected by PARFUMERIE PARTICULIERE. Please see below for full details of how to exercise these rights.<\/p>\n<ul>\n<li><strong>Right of access<\/strong>: You have a right to obtain confirmation as to whether your personal data is being processed by PARFUMERIE PARTICULIERE and, if so, to access both your data and information regarding the circumstances under which it is being processed.<\/li>\n<\/ul>\n<ul>\n<li><strong>Right of rectification<\/strong>: If your personal data is obsolete, erroneous or incomplete, you have a right to have it rectified as soon as possible. To exercise this right, you must specify the data to be corrected and the data with which we should replace it.<\/li>\n<\/ul>\n<ul>\n<li><strong>Right to erasure (\u201cright to be forgotten\u201d)<\/strong>: The right to erasure does not apply where processing is carried out in order to comply with a legal obligation. However, except in this specific situation, you are entitled to request the erasure of your personal data, including when:<\/li>\n<li>your personal data is no longer necessary for the purposes for which it was collected or processed;<\/li>\n<li>you object to processing we carry out on the basis of a legitimate interest, provided there are no overriding legitimate grounds for this processing;<\/li>\n<li>you object to the processing of your personal data for marketing purposes, or;<\/li>\n<li>your personal data has been processed unlawfully.<\/li>\n<\/ul>\n<ul>\n<li><strong>Right to object:<\/strong> You may object to the processing of your personal data by PARFUMERIE PARTICULIERE at any time, unless we have legitimate and compelling reasons for processing your personal data.<\/li>\n<\/ul>\n<p>Where your personal data is processed for marketing purposes, you can object to processing at any time, without stating any grounds for the objection.<\/p>\n<ul>\n<li><strong>Right to restriction of processing<\/strong>: Within the limits set out in Law, you have the right to demand that the processing of your personal data be restricted if you contest the accuracy of the data concerned or the lawfulness of the processing, if you object to the processing of the data, or if you wish your data to be retained for evidentiary purposes.<\/li>\n<\/ul>\n<ul>\n<li><strong>Right to portability<\/strong>: Where we process your personal data by automated means, and where you have provided the data concerned on the basis of a contract or your consent, you have a right to receive that data in a structured, commonly used and machine-readable format, or to have that data transmitted to another data controller. If you submit your request electronically, the requested information will be provided to you in a commonly used electronic format, unless otherwise requested. This right of access and to obtain a copy of your personal data cannot extend to confidential information or to data whose transmission is not permitted by law.<\/li>\n<\/ul>\n<ul>\n<li><strong>Post-mortem rights<\/strong>: You have the right to issue instructions concerning the retention, erasure and transmission of your personal in the event of your death.<\/li>\n<\/ul>\n<ul>\n<li><strong>Right not to be subjected to an automated individual decision<\/strong>: You have the right not to be subjected to a decision based solely on automated processing that produces legal effects concerning you, or that otherwise significantly affects you. However, an automated individual decision may be applied where:\n<ul>\n<li>it is authorised by Law;<\/li>\n<li>the decision is based on the explicit consent of the data subject; or<\/li>\n<li>the decision is necessary for the conclusion or performance of a contract;<\/li>\n<\/ul>\n<\/li>\n<\/ul>\n<p>and provided that the data subject is given the opportunity to contest the decision, express his or her point of view and request human intervention.<\/p>\n<h2 class=\"wp-block-heading\">Exercising your rights<\/h2>\n<p>You can exercise your rights by sending an e-mail to\u00a0<\/p>\n<ul>\n<li><a href=\"mailto:info@maisoncrivelli.com\"><strong>contact@parfumerieparticuliere.com<\/strong><\/a><\/li>\n<li>or by writing to PARFUMERIE PARTICULIERE, 58 rue de Monceau, 75008 Paris, France<\/li>\n<\/ul>\n<p>Only the data subject may exercise the rights provided for above. Consequently, if there is any doubt as to your identity, we may be required to ask you for current proof of identity. Failure to provide such proof if asked to do so may result in your request being refused.<\/p>\n<p>We do our best to respond to requests within a reasonable period of time, and within a maximum of one month from the date on which we receive the request.<\/p>\n<p>However, if processing a request proves complicated or we are handling a high number of requests simultaneously, the time required to process requests may be extended.<\/p>\n<h2 class=\"wp-block-heading\">Data processors<\/h2>\n<p>We may need to share information about you with data processors. We select these data processors with the utmost care, and demand that they respect our commitments regarding the protection and confidentiality of personal data in compliance with the GDPR.<br \/>We have the right to involve any data processor of our choice in the processing of personal data.<br \/>Where we do so, we ensure that the data processor complies fully with all its obligations as set out in the GDPR.<\/p>\n<h2 class=\"wp-block-heading\">Register of processing<\/h2>\n<p>PARFUMERIE PARTICULIERE maintains a register of all processing activities carried out.<\/p>\n<p>This register takes the form of a document or application that allows us to list all the processing operations we carry out in our capacity as the data controller.<\/p>\n<p>We undertake to provide the French <em>Commission nationale de l\u2019informatique et des libert\u00e9s<\/em> (National Commission for Information Technology and Civil Liberties \u2013 hereinafter \u201cCNIL\u201d) with information enabling it to check whether processing is compliant with the applicable regulations regarding civil liberties and information technology, and to provide this information upon the initial request without further prompting.<\/p>\n<h2 class=\"wp-block-heading\">Security measures<\/h2>\n<p>PARFUMERIE PARTICULIERE undertakes to treat the personal data it collects with the utmost care and to take all necessary steps in order to guarantee the confidentiality, integrity and security of that data.<\/p>\n<p>To this end, we apply technical, organisational and administrative measures appropriate to the sensitivity of the data collected. Specifically, these measures include:<\/p>\n<p>\u2013 Access control: Access to personal data is strictly limited to authorised persons only. Access is granted to the extent required by each individual\u2019s role and in compliance with rules regarding the security of data.<\/p>\n<p>\u2013 Securing infrastructure:<br \/>Implementation of advanced security protocols and systems, including:<br \/>using firewalls to protect networks;<br \/>measures to control physical access to data centres; and,<br \/>ensuring that users with permission to access sensitive data are subject to strong authentication requirements and strictly limited access authorisations.<\/p>\n<p>\u2013 Protection of computer systems: Pro-active monitoring to quickly detect and respond to security incidents, carrying out regular software updates, and conducting penetration testing to identify and remedy potential vulnerabilities.<\/p>\n<p>\u2013 Data encryption: The use of an encryption protocol to protect sensitive data in transit. Bank details are encrypted on payment platforms.<\/p>\n<p>\u2013 Auditing and monitoring: Conducting regular internal and external audits to ensure the compliance and effectiveness of the security measures in place.<\/p>\n<h2 class=\"wp-block-heading\">SECURITY BREACHES INVOLVING PERSONAL DATA<\/h2>\n<p>We undertake to notify the CNIL of any security breach involving personal data, in compliance with the regulations regarding the treatment of personal data.<\/p>\n<p>You will be informed of any breach affecting your personal data that could pose a high risk to your privacy.<\/p>\n<h2 class=\"wp-block-heading\">Sale of personal data<\/h2>\n<p>We do not sell your personal data, and have not done so in the last 12 months.<\/p>\n<p>However, our transfers of your personal information to certain third parties may be construed as \u201csales\u201d under the law of the state of California. If you are a California resident, you have the right to opt-out of such sales to they extent they occur, and you also have the right to opt-out of such disclosure of your personal information for the purposes of online advertising.<\/p>\n<h2 class=\"wp-block-heading\">TRANSFER OF PERSONAL DATA OUTSIDE THE EU<\/h2>\n<p>Where our data recipients or processors are located outside the European Union, and if the procedures in place to protect personal data in the countries where they are located \u2013 as governed by the local legislation applicable to the head office of the partners and service providers handling that data \u2013 do not offer sufficient protection, we require our partners and service providers to offer the same level of protection as expected within the European Union, in particular by entering into standard contractual clauses.<\/p>\n<h2 class=\"wp-block-heading\">Complaints to the CNIL<\/h2>\n<p>If you are concerned about the processing of your personal data, and if you feel that the processing of your personal data does not comply with EU law regarding the protection of personal data, you have the right to lodge a complaint with a supervisory authority. In France, this authority is the CNIL. You can write to the CNIL at:<\/p>\n<p>CNIL \u2013 Service des plaintes<\/p>\n<p>3 Place de Fontenoy \u2013 TSA 80715 \u2013 75334 PARIS CEDEX 07<\/p>\n<p>T\u00e9l : 01 53 73 22 22<\/p>\n<p>Ou via son site Internet <a href=\"https:\/\/www.cnil.fr\/\">www.cnil.fr<\/a>.<\/p>\n\t\t\t\t\t\t\t\t<\/div>\n\t\t\t\t\t<\/div>\n\t\t\t\t<\/div>\n\t\t\t\t<\/div>\n\t\t","protected":false},"excerpt":{"rendered":"<p>INTRODUCTION Atelier Particulier, a simplified joint stock company with a share capital of \u20ac20,000, whose registered office is located at 58 rue de Monceau \u2013 75008 Paris, registered with the Paris Trade and Companies Register under number 944 532 027, identified for VAT purposes under number FR83944532027, (hereinafter \u2018PARFUMERIE PARTICULIERE\u2019), manufacturer and seller of PARFUMERIE [&hellip;]<\/p>\n","protected":false},"author":1,"featured_media":0,"parent":0,"menu_order":0,"comment_status":"closed","ping_status":"closed","template":"","meta":{"_acf_changed":false,"inline_featured_image":false,"footnotes":""},"class_list":["post-28392","page","type-page","status-publish","hentry"],"acf":[],"yoast_head":"<!-- This site is optimized with the Yoast SEO plugin v25.9 - https:\/\/yoast.com\/wordpress\/plugins\/seo\/ -->\n<title>Privacy policy - Parfumerie Particuliere<\/title>\n<meta name=\"robots\" content=\"index, follow, max-snippet:-1, max-image-preview:large, max-video-preview:-1\" \/>\n<link rel=\"canonical\" href=\"https:\/\/parfumerieparticuliere.com\/?page_id=28392&lang=en\" \/>\n<meta property=\"og:locale\" content=\"fr_FR\" \/>\n<meta property=\"og:type\" content=\"article\" \/>\n<meta property=\"og:title\" content=\"Privacy policy - Parfumerie Particuliere\" \/>\n<meta property=\"og:description\" content=\"INTRODUCTION Atelier Particulier, a simplified joint stock company with a share capital of \u20ac20,000, whose registered office is located at 58 rue de Monceau \u2013 75008 Paris, registered with the Paris Trade and Companies Register under number 944 532 027, identified for VAT purposes under number FR83944532027, (hereinafter \u2018PARFUMERIE PARTICULIERE\u2019), manufacturer and seller of PARFUMERIE [&hellip;]\" \/>\n<meta property=\"og:url\" content=\"https:\/\/parfumerieparticuliere.com\/?page_id=28392&amp;lang=en\" \/>\n<meta property=\"og:site_name\" content=\"Parfumerie Particuliere\" \/>\n<meta property=\"article:modified_time\" content=\"2025-09-09T16:14:51+00:00\" \/>\n<meta name=\"twitter:card\" content=\"summary_large_image\" \/>\n<meta name=\"twitter:label1\" content=\"Est. reading time\" \/>\n\t<meta name=\"twitter:data1\" content=\"10 minutes\" \/>\n<script type=\"application\/ld+json\" class=\"yoast-schema-graph\">{\"@context\":\"https:\/\/schema.org\",\"@graph\":[{\"@type\":\"WebPage\",\"@id\":\"https:\/\/parfumerieparticuliere.com\/?page_id=28392&lang=en\",\"url\":\"https:\/\/parfumerieparticuliere.com\/?page_id=28392&lang=en\",\"name\":\"Privacy policy - Parfumerie Particuliere\",\"isPartOf\":{\"@id\":\"https:\/\/parfumerieparticuliere.com\/#website\"},\"datePublished\":\"2025-09-08T15:33:28+00:00\",\"dateModified\":\"2025-09-09T16:14:51+00:00\",\"breadcrumb\":{\"@id\":\"https:\/\/parfumerieparticuliere.com\/?page_id=28392&lang=en#breadcrumb\"},\"inLanguage\":\"fr-FR\",\"potentialAction\":[{\"@type\":\"ReadAction\",\"target\":[\"https:\/\/parfumerieparticuliere.com\/?page_id=28392&lang=en\"]}]},{\"@type\":\"BreadcrumbList\",\"@id\":\"https:\/\/parfumerieparticuliere.com\/?page_id=28392&lang=en#breadcrumb\",\"itemListElement\":[{\"@type\":\"ListItem\",\"position\":1,\"name\":\"Home\",\"item\":\"https:\/\/parfumerieparticuliere.com\/?page_id=28298&lang=en\"},{\"@type\":\"ListItem\",\"position\":2,\"name\":\"Privacy policy\"}]},{\"@type\":\"WebSite\",\"@id\":\"https:\/\/parfumerieparticuliere.com\/#website\",\"url\":\"https:\/\/parfumerieparticuliere.com\/\",\"name\":\"Parfumerie Particuliere\",\"description\":\"Des parfums urbains et contemporains, n\u00e9s de la complexit\u00e9 de nos vies et de nos exp\u00e9riences.\",\"publisher\":{\"@id\":\"https:\/\/parfumerieparticuliere.com\/#organization\"},\"potentialAction\":[{\"@type\":\"SearchAction\",\"target\":{\"@type\":\"EntryPoint\",\"urlTemplate\":\"https:\/\/parfumerieparticuliere.com\/?s={search_term_string}\"},\"query-input\":{\"@type\":\"PropertyValueSpecification\",\"valueRequired\":true,\"valueName\":\"search_term_string\"}}],\"inLanguage\":\"fr-FR\"},{\"@type\":\"Organization\",\"@id\":\"https:\/\/parfumerieparticuliere.com\/#organization\",\"name\":\"Parfumerie Particuliere\",\"url\":\"https:\/\/parfumerieparticuliere.com\/\",\"logo\":{\"@type\":\"ImageObject\",\"inLanguage\":\"fr-FR\",\"@id\":\"https:\/\/parfumerieparticuliere.com\/#\/schema\/logo\/image\/\",\"url\":\"https:\/\/parfumerieparticuliere.com\/wp-content\/uploads\/2025\/08\/logo-monogramme-PP-noir.svg\",\"contentUrl\":\"https:\/\/parfumerieparticuliere.com\/wp-content\/uploads\/2025\/08\/logo-monogramme-PP-noir.svg\",\"width\":182,\"height\":186,\"caption\":\"Parfumerie Particuliere\"},\"image\":{\"@id\":\"https:\/\/parfumerieparticuliere.com\/#\/schema\/logo\/image\/\"}}]}<\/script>\n<!-- \/ Yoast SEO plugin. -->","yoast_head_json":{"title":"Privacy policy - Parfumerie Particuliere","robots":{"index":"index","follow":"follow","max-snippet":"max-snippet:-1","max-image-preview":"max-image-preview:large","max-video-preview":"max-video-preview:-1"},"canonical":"https:\/\/parfumerieparticuliere.com\/?page_id=28392&lang=en","og_locale":"fr_FR","og_type":"article","og_title":"Privacy policy - Parfumerie Particuliere","og_description":"INTRODUCTION Atelier Particulier, a simplified joint stock company with a share capital of \u20ac20,000, whose registered office is located at 58 rue de Monceau \u2013 75008 Paris, registered with the Paris Trade and Companies Register under number 944 532 027, identified for VAT purposes under number FR83944532027, (hereinafter \u2018PARFUMERIE PARTICULIERE\u2019), manufacturer and seller of PARFUMERIE [&hellip;]","og_url":"https:\/\/parfumerieparticuliere.com\/?page_id=28392&lang=en","og_site_name":"Parfumerie Particuliere","article_modified_time":"2025-09-09T16:14:51+00:00","twitter_card":"summary_large_image","twitter_misc":{"Est. reading time":"10 minutes"},"schema":{"@context":"https:\/\/schema.org","@graph":[{"@type":"WebPage","@id":"https:\/\/parfumerieparticuliere.com\/?page_id=28392&lang=en","url":"https:\/\/parfumerieparticuliere.com\/?page_id=28392&lang=en","name":"Privacy policy - Parfumerie Particuliere","isPartOf":{"@id":"https:\/\/parfumerieparticuliere.com\/#website"},"datePublished":"2025-09-08T15:33:28+00:00","dateModified":"2025-09-09T16:14:51+00:00","breadcrumb":{"@id":"https:\/\/parfumerieparticuliere.com\/?page_id=28392&lang=en#breadcrumb"},"inLanguage":"fr-FR","potentialAction":[{"@type":"ReadAction","target":["https:\/\/parfumerieparticuliere.com\/?page_id=28392&lang=en"]}]},{"@type":"BreadcrumbList","@id":"https:\/\/parfumerieparticuliere.com\/?page_id=28392&lang=en#breadcrumb","itemListElement":[{"@type":"ListItem","position":1,"name":"Home","item":"https:\/\/parfumerieparticuliere.com\/?page_id=28298&lang=en"},{"@type":"ListItem","position":2,"name":"Privacy policy"}]},{"@type":"WebSite","@id":"https:\/\/parfumerieparticuliere.com\/#website","url":"https:\/\/parfumerieparticuliere.com\/","name":"Parfumerie Particuliere","description":"Des parfums urbains et contemporains, n\u00e9s de la complexit\u00e9 de nos vies et de nos exp\u00e9riences.","publisher":{"@id":"https:\/\/parfumerieparticuliere.com\/#organization"},"potentialAction":[{"@type":"SearchAction","target":{"@type":"EntryPoint","urlTemplate":"https:\/\/parfumerieparticuliere.com\/?s={search_term_string}"},"query-input":{"@type":"PropertyValueSpecification","valueRequired":true,"valueName":"search_term_string"}}],"inLanguage":"fr-FR"},{"@type":"Organization","@id":"https:\/\/parfumerieparticuliere.com\/#organization","name":"Parfumerie Particuliere","url":"https:\/\/parfumerieparticuliere.com\/","logo":{"@type":"ImageObject","inLanguage":"fr-FR","@id":"https:\/\/parfumerieparticuliere.com\/#\/schema\/logo\/image\/","url":"https:\/\/parfumerieparticuliere.com\/wp-content\/uploads\/2025\/08\/logo-monogramme-PP-noir.svg","contentUrl":"https:\/\/parfumerieparticuliere.com\/wp-content\/uploads\/2025\/08\/logo-monogramme-PP-noir.svg","width":182,"height":186,"caption":"Parfumerie Particuliere"},"image":{"@id":"https:\/\/parfumerieparticuliere.com\/#\/schema\/logo\/image\/"}}]}},"lang":"en","translations":{"en":28392},"pll_sync_post":[],"_links":{"self":[{"href":"https:\/\/parfumerieparticuliere.com\/index.php?rest_route=\/wp\/v2\/pages\/28392","targetHints":{"allow":["GET"]}}],"collection":[{"href":"https:\/\/parfumerieparticuliere.com\/index.php?rest_route=\/wp\/v2\/pages"}],"about":[{"href":"https:\/\/parfumerieparticuliere.com\/index.php?rest_route=\/wp\/v2\/types\/page"}],"author":[{"embeddable":true,"href":"https:\/\/parfumerieparticuliere.com\/index.php?rest_route=\/wp\/v2\/users\/1"}],"replies":[{"embeddable":true,"href":"https:\/\/parfumerieparticuliere.com\/index.php?rest_route=%2Fwp%2Fv2%2Fcomments&post=28392"}],"version-history":[{"count":5,"href":"https:\/\/parfumerieparticuliere.com\/index.php?rest_route=\/wp\/v2\/pages\/28392\/revisions"}],"predecessor-version":[{"id":28419,"href":"https:\/\/parfumerieparticuliere.com\/index.php?rest_route=\/wp\/v2\/pages\/28392\/revisions\/28419"}],"wp:attachment":[{"href":"https:\/\/parfumerieparticuliere.com\/index.php?rest_route=%2Fwp%2Fv2%2Fmedia&parent=28392"}],"curies":[{"name":"wp","href":"https:\/\/api.w.org\/{rel}","templated":true}]}}